{"id":9881,"date":"2019-11-25T15:46:45","date_gmt":"2019-11-25T15:46:45","guid":{"rendered":"http:\/\/e.foundation\/?page_id=9881"},"modified":"2026-02-18T12:03:22","modified_gmt":"2026-02-18T12:03:22","slug":"get-involved","status":"publish","type":"page","link":"https:\/\/e.foundation\/es\/get-involved\/","title":{"rendered":"Get Involved"},"content":{"rendered":"<div data-elementor-type=\"wp-page\" data-elementor-id=\"9881\" class=\"elementor elementor-9881\" data-elementor-post-type=\"page\">\n\t\t\t\t\t\t<section class=\"elementor-section elementor-top-section elementor-element elementor-element-4ac9b8a4 elementor-section-height-min-height elementor-section-boxed elementor-section-height-default elementor-section-items-middle\" data-id=\"4ac9b8a4\" data-element_type=\"section\" id=\"my-ancor1\">\n\t\t\t\t\t\t<div class=\"elementor-container elementor-column-gap-default\">\n\t\t\t\t\t<div class=\"elementor-column elementor-col-100 elementor-top-column elementor-element elementor-element-25a23987\" data-id=\"25a23987\" data-element_type=\"column\">\n\t\t\t<div class=\"elementor-widget-wrap elementor-element-populated\">\n\t\t\t\t\t\t<div class=\"elementor-element elementor-element-650bc054 elementor-widget elementor-widget-heading\" data-id=\"650bc054\" data-element_type=\"widget\" data-widget_type=\"heading.default\">\n\t\t\t\t<div class=\"elementor-widget-container\">\n\t\t\t<h2 class=\"elementor-heading-title elementor-size-default\">\u00a1\u00danete a nuestra comunidad mundial y participa como voluntario en \/e\/OS!<\/h2>\t\t<\/div>\n\t\t\t\t<\/div>\n\t\t\t\t<div class=\"elementor-element elementor-element-4b82ec21 elementor-widget-divider--view-line elementor-widget elementor-widget-divider\" data-id=\"4b82ec21\" data-element_type=\"widget\" data-widget_type=\"divider.default\">\n\t\t\t\t<div class=\"elementor-widget-container\">\n\t\t\t\t\t<div class=\"elementor-divider\">\n\t\t\t<span class=\"elementor-divider-separator\">\n\t\t\t\t\t\t<\/span>\n\t\t<\/div>\n\t\t\t\t<\/div>\n\t\t\t\t<\/div>\n\t\t\t\t<div class=\"elementor-element elementor-element-34ba79d7 elementor-widget elementor-widget-text-editor\" data-id=\"34ba79d7\" data-element_type=\"widget\" data-widget_type=\"text-editor.default\">\n\t\t\t\t<div class=\"elementor-widget-container\">\n\t\t\t\t\t\t\t<p>Hay muchas formas, tanto directas como indirectas, de contribuir seg\u00fan tus habilidades, intereses o disponibilidad.<\/p>\t\t\t\t\t\t<\/div>\n\t\t\t\t<\/div>\n\t\t\t\t\t<\/div>\n\t\t<\/div>\n\t\t\t\t\t<\/div>\n\t\t<\/section>\n\t\t\t\t<section class=\"elementor-section elementor-top-section elementor-element elementor-element-c94d5a6 elementor-section-height-min-height elementor-section-boxed elementor-section-height-default elementor-section-items-middle\" data-id=\"c94d5a6\" data-element_type=\"section\">\n\t\t\t\t\t\t<div class=\"elementor-container elementor-column-gap-default\">\n\t\t\t\t\t<div class=\"elementor-column elementor-col-33 elementor-top-column elementor-element elementor-element-5efac2b\" data-id=\"5efac2b\" data-element_type=\"column\">\n\t\t\t<div class=\"elementor-widget-wrap elementor-element-populated\">\n\t\t\t\t\t\t<div class=\"elementor-element elementor-element-543cdde elementor-position-top elementor-widget elementor-widget-image-box\" data-id=\"543cdde\" data-element_type=\"widget\" data-widget_type=\"image-box.default\">\n\t\t\t\t<div class=\"elementor-widget-container\">\n\t\t\t<div class=\"elementor-image-box-wrapper\"><figure class=\"elementor-image-box-img\"><img decoding=\"async\" width=\"168\" height=\"178\" src=\"https:\/\/e.foundation\/wp-content\/uploads\/2019\/11\/developer.png\" class=\"attachment-full size-full wp-image-9897\" alt=\"\" srcset=\"https:\/\/e.foundation\/wp-content\/uploads\/2019\/11\/developer.png 168w, https:\/\/e.foundation\/wp-content\/uploads\/2019\/11\/developer-142x150.png 142w\" sizes=\"(max-width: 168px) 100vw, 168px\" \/><\/figure><div class=\"elementor-image-box-content\"><h3 class=\"elementor-image-box-title\">Hazte desarrollador<\/h3><p class=\"elementor-image-box-description\">Mejora el sistema operativo o las aplicaciones. Se quien mantenga un ROM. O contribuye al proyecto microG, una alternativa 100% de c\u00f3digo abierto a los servicios de Google. \u00a1Tu experiencia es bienvenida!<\/p><\/div><\/div>\t\t<\/div>\n\t\t\t\t<\/div>\n\t\t\t\t<div class=\"elementor-element elementor-element-a964106 elementor-align-center btn-green elementor-widget elementor-widget-button\" data-id=\"a964106\" data-element_type=\"widget\" data-widget_type=\"button.default\">\n\t\t\t\t<div class=\"elementor-widget-container\">\n\t\t\t\t\t<div class=\"elementor-button-wrapper\">\n\t\t\t<a class=\"elementor-button elementor-button-link elementor-size-sm\" href=\"https:\/\/doc.e.foundation\/projects-looking-for-contributors\" target=\"_blank\">\n\t\t\t\t\t\t<span class=\"elementor-button-content-wrapper\">\n\t\t\t\t\t\t<span class=\"elementor-button-text\">VER PROYECTOS ABIERTOS<\/span>\n\t\t<\/span>\n\t\t\t\t\t<\/a>\n\t\t<\/div>\n\t\t\t\t<\/div>\n\t\t\t\t<\/div>\n\t\t\t\t\t<\/div>\n\t\t<\/div>\n\t\t\t\t<div class=\"elementor-column elementor-col-33 elementor-top-column elementor-element elementor-element-93c262c\" data-id=\"93c262c\" data-element_type=\"column\">\n\t\t\t<div class=\"elementor-widget-wrap elementor-element-populated\">\n\t\t\t\t\t\t<div class=\"elementor-element elementor-element-97f5d2a elementor-position-top elementor-widget elementor-widget-image-box\" data-id=\"97f5d2a\" data-element_type=\"widget\" data-widget_type=\"image-box.default\">\n\t\t\t\t<div class=\"elementor-widget-container\">\n\t\t\t<div class=\"elementor-image-box-wrapper\"><figure class=\"elementor-image-box-img\"><img decoding=\"async\" width=\"202\" height=\"229\" src=\"https:\/\/e.foundation\/wp-content\/uploads\/2019\/11\/translator3.png\" class=\"attachment-full size-full wp-image-9906\" alt=\"\" srcset=\"https:\/\/e.foundation\/wp-content\/uploads\/2019\/11\/translator3.png 202w, https:\/\/e.foundation\/wp-content\/uploads\/2019\/11\/translator3-132x150.png 132w\" sizes=\"(max-width: 202px) 100vw, 202px\" \/><\/figure><div class=\"elementor-image-box-content\"><h3 class=\"elementor-image-box-title\">Hazte traductor<\/h3><p class=\"elementor-image-box-description\">\u00bfTe gustar\u00eda que este sitio web o nuestro bolet\u00edn estuviera disponible en tu idioma? No busques m\u00e1s y \u00fanete a nuestro equipo internacional de traductores.<\/p><\/div><\/div>\t\t<\/div>\n\t\t\t\t<\/div>\n\t\t\t\t<div class=\"elementor-element elementor-element-5a5dfa8 elementor-align-center btn-green elementor-widget elementor-widget-button\" data-id=\"5a5dfa8\" data-element_type=\"widget\" data-widget_type=\"button.default\">\n\t\t\t\t<div class=\"elementor-widget-container\">\n\t\t\t\t\t<div class=\"elementor-button-wrapper\">\n\t\t\t<a class=\"elementor-button elementor-button-link elementor-size-sm\" href=\"https:\/\/doc.e.foundation\/how-to-use-weblate#can-i-help-translate-eos-on-weblate\" target=\"_blank\">\n\t\t\t\t\t\t<span class=\"elementor-button-content-wrapper\">\n\t\t\t\t\t\t<span class=\"elementor-button-text\">\u00daNETE AL EQUIPO DE TRADUCTORES<\/span>\n\t\t<\/span>\n\t\t\t\t\t<\/a>\n\t\t<\/div>\n\t\t\t\t<\/div>\n\t\t\t\t<\/div>\n\t\t\t\t\t<\/div>\n\t\t<\/div>\n\t\t\t\t<div class=\"elementor-column elementor-col-33 elementor-top-column elementor-element elementor-element-6f83214\" data-id=\"6f83214\" data-element_type=\"column\">\n\t\t\t<div class=\"elementor-widget-wrap elementor-element-populated\">\n\t\t\t\t\t\t<div class=\"elementor-element elementor-element-c66b726 elementor-position-top elementor-widget elementor-widget-image-box\" data-id=\"c66b726\" data-element_type=\"widget\" data-widget_type=\"image-box.default\">\n\t\t\t\t<div class=\"elementor-widget-container\">\n\t\t\t<div class=\"elementor-image-box-wrapper\"><figure class=\"elementor-image-box-img\"><img decoding=\"async\" width=\"170\" height=\"193\" src=\"https:\/\/e.foundation\/wp-content\/uploads\/2019\/11\/volunteer.png\" class=\"attachment-full size-full wp-image-9915\" alt=\"\" srcset=\"https:\/\/e.foundation\/wp-content\/uploads\/2019\/11\/volunteer.png 170w, https:\/\/e.foundation\/wp-content\/uploads\/2019\/11\/volunteer-132x150.png 132w\" sizes=\"(max-width: 170px) 100vw, 170px\" \/><\/figure><div class=\"elementor-image-box-content\"><h3 class=\"elementor-image-box-title\">Hazte Voluntario<\/h3><p class=\"elementor-image-box-description\">Si quieres presentar \/e\/OS al mundo, apoyar \/e\/OS en eventos locales relacionados con la privacidad del usuario, organizar una fiesta de instalaci\u00f3n o incluso enviar tus ideas para llegar a m\u00e1s gente. Ponte en contacto.<\/p><\/div><\/div>\t\t<\/div>\n\t\t\t\t<\/div>\n\t\t\t\t<div class=\"elementor-element elementor-element-930b64a elementor-align-center btn-green elementor-widget elementor-widget-button\" data-id=\"930b64a\" data-element_type=\"widget\" data-widget_type=\"button.default\">\n\t\t\t\t<div class=\"elementor-widget-container\">\n\t\t\t\t\t<div class=\"elementor-button-wrapper\">\n\t\t\t<a class=\"elementor-button elementor-button-link elementor-size-sm\" href=\"https:\/\/e.foundation\/es\/contact-e-2\/#contact-form\">\n\t\t\t\t\t\t<span class=\"elementor-button-content-wrapper\">\n\t\t\t\t\t\t<span class=\"elementor-button-text\">HAZTE VOLUNTARIO<\/span>\n\t\t<\/span>\n\t\t\t\t\t<\/a>\n\t\t<\/div>\n\t\t\t\t<\/div>\n\t\t\t\t<\/div>\n\t\t\t\t\t<\/div>\n\t\t<\/div>\n\t\t\t\t\t<\/div>\n\t\t<\/section>\n\t\t\t\t<section class=\"elementor-section elementor-top-section elementor-element elementor-element-a02240d elementor-section-height-min-height elementor-section-boxed elementor-section-height-default elementor-section-items-middle\" data-id=\"a02240d\" data-element_type=\"section\">\n\t\t\t\t\t\t<div class=\"elementor-container elementor-column-gap-default\">\n\t\t\t\t\t<div class=\"elementor-column elementor-col-33 elementor-top-column elementor-element elementor-element-746f511\" data-id=\"746f511\" data-element_type=\"column\">\n\t\t\t<div class=\"elementor-widget-wrap elementor-element-populated\">\n\t\t\t\t\t\t<div class=\"elementor-element elementor-element-0c7b46a elementor-widget elementor-widget-spacer\" data-id=\"0c7b46a\" data-element_type=\"widget\" data-widget_type=\"spacer.default\">\n\t\t\t\t<div class=\"elementor-widget-container\">\n\t\t\t\t\t<div class=\"elementor-spacer\">\n\t\t\t<div class=\"elementor-spacer-inner\"><\/div>\n\t\t<\/div>\n\t\t\t\t<\/div>\n\t\t\t\t<\/div>\n\t\t\t\t<div class=\"elementor-element elementor-element-9b9d409 elementor-position-top elementor-widget elementor-widget-image-box\" data-id=\"9b9d409\" data-element_type=\"widget\" data-widget_type=\"image-box.default\">\n\t\t\t\t<div class=\"elementor-widget-container\">\n\t\t\t<div class=\"elementor-image-box-wrapper\"><figure class=\"elementor-image-box-img\"><img loading=\"lazy\" decoding=\"async\" width=\"126\" height=\"125\" src=\"https:\/\/e.foundation\/wp-content\/uploads\/2020\/10\/Newsletter-visuals-09.png\" class=\"attachment-full size-full wp-image-14904\" alt=\"\" srcset=\"https:\/\/e.foundation\/wp-content\/uploads\/2020\/10\/Newsletter-visuals-09.png 126w, https:\/\/e.foundation\/wp-content\/uploads\/2020\/10\/Newsletter-visuals-09-24x24.png 24w, https:\/\/e.foundation\/wp-content\/uploads\/2020\/10\/Newsletter-visuals-09-48x48.png 48w, https:\/\/e.foundation\/wp-content\/uploads\/2020\/10\/Newsletter-visuals-09-96x96.png 96w\" sizes=\"(max-width: 126px) 100vw, 126px\" \/><\/figure><div class=\"elementor-image-box-content\"><h3 class=\"elementor-image-box-title\">S\u00edguenos en las redes sociales<\/h3><p class=\"elementor-image-box-description\">Con\u00e9ctate y siguenos para aprender m\u00e1s sobre \/e\/OS, recibir nuestras \u00faltimas noticias, anuncios y oportunidades.<\/p><\/div><\/div>\t\t<\/div>\n\t\t\t\t<\/div>\n\t\t\t\t<div class=\"elementor-element elementor-element-087bc1c elementor-align-center btn-green elementor-widget elementor-widget-button\" data-id=\"087bc1c\" data-element_type=\"widget\" data-widget_type=\"button.default\">\n\t\t\t\t<div class=\"elementor-widget-container\">\n\t\t\t\t\t<div class=\"elementor-button-wrapper\">\n\t\t\t<a class=\"elementor-button elementor-button-link elementor-size-sm\" href=\"https:\/\/twitter.com\/e_mydata\" target=\"_blank\">\n\t\t\t\t\t\t<span class=\"elementor-button-content-wrapper\">\n\t\t\t\t\t\t<span class=\"elementor-button-icon elementor-align-icon-right\">\n\t\t\t\t<i aria-hidden=\"true\" class=\"fab fa-twitter\"><\/i>\t\t\t<\/span>\n\t\t\t\t\t\t<span class=\"elementor-button-text\">S\u00cdGUENOS<\/span>\n\t\t<\/span>\n\t\t\t\t\t<\/a>\n\t\t<\/div>\n\t\t\t\t<\/div>\n\t\t\t\t<\/div>\n\t\t\t\t<div class=\"elementor-element elementor-element-c14a4b7 elementor-align-center btn-green elementor-widget elementor-widget-button\" data-id=\"c14a4b7\" data-element_type=\"widget\" data-widget_type=\"button.default\">\n\t\t\t\t<div class=\"elementor-widget-container\">\n\t\t\t\t\t<div class=\"elementor-button-wrapper\">\n\t\t\t<a class=\"elementor-button elementor-button-link elementor-size-sm\" href=\"https:\/\/mastodon.social\/@e_mydata\" target=\"_blank\">\n\t\t\t\t\t\t<span class=\"elementor-button-content-wrapper\">\n\t\t\t\t\t\t<span class=\"elementor-button-icon elementor-align-icon-right\">\n\t\t\t\t<i aria-hidden=\"true\" class=\"fab fa-mastodon\"><\/i>\t\t\t<\/span>\n\t\t\t\t\t\t<span class=\"elementor-button-text\">S\u00cdGUENOS<\/span>\n\t\t<\/span>\n\t\t\t\t\t<\/a>\n\t\t<\/div>\n\t\t\t\t<\/div>\n\t\t\t\t<\/div>\n\t\t\t\t\t<\/div>\n\t\t<\/div>\n\t\t\t\t<div class=\"elementor-column elementor-col-33 elementor-top-column elementor-element elementor-element-9b4e041\" data-id=\"9b4e041\" data-element_type=\"column\">\n\t\t\t<div class=\"elementor-widget-wrap elementor-element-populated\">\n\t\t\t\t\t\t<div class=\"elementor-element elementor-element-3942ff5 elementor-position-top elementor-widget elementor-widget-image-box\" data-id=\"3942ff5\" data-element_type=\"widget\" data-widget_type=\"image-box.default\">\n\t\t\t\t<div class=\"elementor-widget-container\">\n\t\t\t<div class=\"elementor-image-box-wrapper\"><figure class=\"elementor-image-box-img\"><img loading=\"lazy\" decoding=\"async\" width=\"169\" height=\"169\" src=\"https:\/\/e.foundation\/wp-content\/uploads\/2019\/11\/writer.png\" class=\"attachment-full size-full wp-image-9933\" alt=\"\" srcset=\"https:\/\/e.foundation\/wp-content\/uploads\/2019\/11\/writer.png 169w, https:\/\/e.foundation\/wp-content\/uploads\/2019\/11\/writer-150x150.png 150w\" sizes=\"(max-width: 169px) 100vw, 169px\" \/><\/figure><div class=\"elementor-image-box-content\"><h3 class=\"elementor-image-box-title\">Contribuye como escritor<\/h3><p class=\"elementor-image-box-description\">\u00bfTienes habilidades de escritura y te interesa la privacidad de los datos personales? \u00a1Conectate!<\/p><\/div><\/div>\t\t<\/div>\n\t\t\t\t<\/div>\n\t\t\t\t<div class=\"elementor-element elementor-element-05d3194 elementor-align-center btn-green elementor-widget elementor-widget-button\" data-id=\"05d3194\" data-element_type=\"widget\" data-widget_type=\"button.default\">\n\t\t\t\t<div class=\"elementor-widget-container\">\n\t\t\t\t\t<div class=\"elementor-button-wrapper\">\n\t\t\t<a class=\"elementor-button elementor-button-link elementor-size-sm\" href=\"https:\/\/e.foundation\/es\/contact-e-2\/#contact-form\" target=\"_blank\">\n\t\t\t\t\t\t<span class=\"elementor-button-content-wrapper\">\n\t\t\t\t\t\t<span class=\"elementor-button-text\">ENVIAR CONTENIDO<\/span>\n\t\t<\/span>\n\t\t\t\t\t<\/a>\n\t\t<\/div>\n\t\t\t\t<\/div>\n\t\t\t\t<\/div>\n\t\t\t\t\t<\/div>\n\t\t<\/div>\n\t\t\t\t<div class=\"elementor-column elementor-col-33 elementor-top-column elementor-element elementor-element-c0754ff\" data-id=\"c0754ff\" data-element_type=\"column\">\n\t\t\t<div class=\"elementor-widget-wrap elementor-element-populated\">\n\t\t\t\t\t\t<div class=\"elementor-element elementor-element-ea26cc5 elementor-position-top elementor-widget elementor-widget-image-box\" data-id=\"ea26cc5\" data-element_type=\"widget\" data-widget_type=\"image-box.default\">\n\t\t\t\t<div class=\"elementor-widget-container\">\n\t\t\t<div class=\"elementor-image-box-wrapper\"><figure class=\"elementor-image-box-img\"><img loading=\"lazy\" decoding=\"async\" width=\"169\" height=\"169\" src=\"https:\/\/e.foundation\/wp-content\/uploads\/2019\/11\/donate-2.png\" class=\"attachment-full size-full wp-image-9942\" alt=\"\" srcset=\"https:\/\/e.foundation\/wp-content\/uploads\/2019\/11\/donate-2.png 169w, https:\/\/e.foundation\/wp-content\/uploads\/2019\/11\/donate-2-150x150.png 150w\" sizes=\"(max-width: 169px) 100vw, 169px\" \/><\/figure><div class=\"elementor-image-box-content\"><h3 class=\"elementor-image-box-title\">Dona a e-Foundation<\/h3><p class=\"elementor-image-box-description\">\u00bfNo est\u00e1s listo para sumergirte? Puedes apoyarnos en nuestra misi\u00f3n de recuperar el control sobre nuestros datos. Como organizaci\u00f3n sin fines de lucro, dependemos de donaciones para llevar a cabo nuestra misi\u00f3n.<\/p><\/div><\/div>\t\t<\/div>\n\t\t\t\t<\/div>\n\t\t\t\t<div class=\"elementor-element elementor-element-d4982df elementor-align-center btn-green elementor-widget elementor-widget-button\" data-id=\"d4982df\" data-element_type=\"widget\" data-widget_type=\"button.default\">\n\t\t\t\t<div class=\"elementor-widget-container\">\n\t\t\t\t\t<div class=\"elementor-button-wrapper\">\n\t\t\t<a class=\"elementor-button elementor-button-link elementor-size-sm\" href=\"https:\/\/e.foundation\/es\/donate-2\/\">\n\t\t\t\t\t\t<span class=\"elementor-button-content-wrapper\">\n\t\t\t\t\t\t<span class=\"elementor-button-text\">DONACION<\/span>\n\t\t<\/span>\n\t\t\t\t\t<\/a>\n\t\t<\/div>\n\t\t\t\t<\/div>\n\t\t\t\t<\/div>\n\t\t\t\t\t<\/div>\n\t\t<\/div>\n\t\t\t\t\t<\/div>\n\t\t<\/section>\n\t\t\t\t<section class=\"elementor-section elementor-top-section elementor-element elementor-element-d33579f elementor-section-boxed elementor-section-height-default elementor-section-height-default\" data-id=\"d33579f\" data-element_type=\"section\">\n\t\t\t\t\t\t<div class=\"elementor-container elementor-column-gap-default\">\n\t\t\t\t\t<div class=\"elementor-column elementor-col-100 elementor-top-column elementor-element elementor-element-c9e5ca9\" data-id=\"c9e5ca9\" data-element_type=\"column\">\n\t\t\t<div class=\"elementor-widget-wrap elementor-element-populated\">\n\t\t\t\t\t\t<div class=\"elementor-element elementor-element-9ad5d90 elementor-widget elementor-widget-spacer\" data-id=\"9ad5d90\" data-element_type=\"widget\" data-widget_type=\"spacer.default\">\n\t\t\t\t<div class=\"elementor-widget-container\">\n\t\t\t\t\t<div class=\"elementor-spacer\">\n\t\t\t<div class=\"elementor-spacer-inner\"><\/div>\n\t\t<\/div>\n\t\t\t\t<\/div>\n\t\t\t\t<\/div>\n\t\t\t\t\t<\/div>\n\t\t<\/div>\n\t\t\t\t\t<\/div>\n\t\t<\/section>\n\t\t\t\t<\/div>","protected":false},"excerpt":{"rendered":"<p>Join a worldwide community, and volunteer with \/e\/OS! There are many ways, both direct and&#8230;<\/p>","protected":false},"author":1,"featured_media":0,"parent":0,"menu_order":0,"comment_status":"closed","ping_status":"closed","template":"","meta":{"_seopress_robots_primary_cat":"","_seopress_titles_title":"","_seopress_titles_desc":"","_seopress_robots_index":""},"_links":{"self":[{"href":"https:\/\/e.foundation\/es\/wp-json\/wp\/v2\/pages\/9881"}],"collection":[{"href":"https:\/\/e.foundation\/es\/wp-json\/wp\/v2\/pages"}],"about":[{"href":"https:\/\/e.foundation\/es\/wp-json\/wp\/v2\/types\/page"}],"author":[{"embeddable":true,"href":"https:\/\/e.foundation\/es\/wp-json\/wp\/v2\/users\/1"}],"replies":[{"embeddable":true,"href":"https:\/\/e.foundation\/es\/wp-json\/wp\/v2\/comments?post=9881"}],"version-history":[{"count":24,"href":"https:\/\/e.foundation\/es\/wp-json\/wp\/v2\/pages\/9881\/revisions"}],"predecessor-version":[{"id":23931,"href":"https:\/\/e.foundation\/es\/wp-json\/wp\/v2\/pages\/9881\/revisions\/23931"}],"wp:attachment":[{"href":"https:\/\/e.foundation\/es\/wp-json\/wp\/v2\/media?parent=9881"}],"curies":[{"name":"wp","href":"https:\/\/api.w.org\/{rel}","templated":true}]}}