{"id":14358,"date":"2020-09-09T07:56:46","date_gmt":"2020-09-09T07:56:46","guid":{"rendered":"https:\/\/e.foundation\/?page_id=14358"},"modified":"2022-08-18T13:06:51","modified_gmt":"2022-08-18T13:06:51","slug":"email-configuration","status":"publish","type":"page","link":"https:\/\/e.foundation\/es\/email-configuration\/","title":{"rendered":"Email Configuration"},"content":{"rendered":"<div data-elementor-type=\"wp-page\" data-elementor-id=\"14358\" class=\"elementor elementor-14358\">\n\t\t\t\t\t\t<section class=\"elementor-section elementor-top-section elementor-element elementor-element-4b78abd elementor-section-boxed elementor-section-height-default elementor-section-height-default\" data-id=\"4b78abd\" data-element_type=\"section\" data-e-type=\"section\">\n\t\t\t\t\t\t<div class=\"elementor-container elementor-column-gap-default\">\n\t\t\t\t\t<div class=\"elementor-column elementor-col-100 elementor-top-column elementor-element elementor-element-398d992\" data-id=\"398d992\" data-element_type=\"column\" data-e-type=\"column\">\n\t\t\t<div class=\"elementor-widget-wrap elementor-element-populated\">\n\t\t\t\t\t\t<div class=\"elementor-element elementor-element-90cacce elementor-widget elementor-widget-heading\" data-id=\"90cacce\" data-element_type=\"widget\" data-e-type=\"widget\" data-widget_type=\"heading.default\">\n\t\t\t\t<div class=\"elementor-widget-container\">\n\t\t\t\t\t<h2 class=\"elementor-heading-title elementor-size-default\">Configuraci\u00f3n del correo electr\u00f3nico<\/h2>\t\t\t\t<\/div>\n\t\t\t\t<\/div>\n\t\t\t\t<div class=\"elementor-element elementor-element-41243bd elementor-widget-divider--view-line elementor-widget elementor-widget-divider\" data-id=\"41243bd\" data-element_type=\"widget\" data-e-type=\"widget\" data-widget_type=\"divider.default\">\n\t\t\t\t<div class=\"elementor-widget-container\">\n\t\t\t\t\t\t\t<div class=\"elementor-divider\">\n\t\t\t<span class=\"elementor-divider-separator\">\n\t\t\t\t\t\t<\/span>\n\t\t<\/div>\n\t\t\t\t\t\t<\/div>\n\t\t\t\t<\/div>\n\t\t\t\t\t<\/div>\n\t\t<\/div>\n\t\t\t\t\t<\/div>\n\t\t<\/section>\n\t\t\t\t<section class=\"elementor-section elementor-top-section elementor-element elementor-element-582ff98 elementor-section-boxed elementor-section-height-default elementor-section-height-default\" data-id=\"582ff98\" data-element_type=\"section\" data-e-type=\"section\">\n\t\t\t\t\t\t<div class=\"elementor-container elementor-column-gap-default\">\n\t\t\t\t\t<div class=\"elementor-column elementor-col-100 elementor-top-column elementor-element elementor-element-97f5a91\" data-id=\"97f5a91\" data-element_type=\"column\" data-e-type=\"column\">\n\t\t\t<div class=\"elementor-widget-wrap elementor-element-populated\">\n\t\t\t\t\t\t<div class=\"elementor-element elementor-element-e54b8f0 elementor-widget elementor-widget-text-editor\" data-id=\"e54b8f0\" data-element_type=\"widget\" data-e-type=\"widget\" data-widget_type=\"text-editor.default\">\n\t\t\t\t<div class=\"elementor-widget-container\">\n\t\t\t\t\t\t\t\t\t<div><div class=\"fusion-sep-clear email-config\"><div><p>You can use your @murena.io or @e.email email account to log in at: <a style=\"font-family: var( --e-global-typography-text-font-family ), Sans-serif; font-weight: var( --e-global-typography-text-font-weight ); background-color: #ffffff;\" href=\"https:\/\/murena.io\" target=\"_blank\" rel=\"noopener\">https:\/\/murena.io<\/a><\/p><p>Muchos clientes de correo electr\u00f3nico diferentes pueden configurar autom\u00e1ticamente su cuenta de correo electr\u00f3nico - s\u00f3lo tiene que proporcionar la direcci\u00f3n de correo electr\u00f3nico y la contrase\u00f1a para conectarse.<\/p><\/div><div><p><b>Por ejemplo:<br \/><\/b>Murena Mail, Mozilla Thunderbird 3.1 or newer, Evolution, KMail, Kontact and Outlook 2007 or newer.<\/p><\/div><div class=\"email-config\"><p>Si utiliza una versi\u00f3n actual de Apple Mail (tanto en macOS como en iOS) puede visitar\u00a0<a href=\"https:\/\/autoconfig.murena.io\/\" target=\"_blank\" rel=\"noopener\">https:\/\/autoconfig.murena.io\/<\/a>\u00a0y rellenar sus datos para descargar un paquete de configuraci\u00f3n que configura autom\u00e1ticamente su cliente.<\/p><\/div><\/div><\/div>\t\t\t\t\t\t\t\t<\/div>\n\t\t\t\t<\/div>\n\t\t\t\t<div class=\"elementor-element elementor-element-19de9e0 elementor-widget elementor-widget-spacer\" data-id=\"19de9e0\" data-element_type=\"widget\" data-e-type=\"widget\" data-widget_type=\"spacer.default\">\n\t\t\t\t<div class=\"elementor-widget-container\">\n\t\t\t\t\t\t\t<div class=\"elementor-spacer\">\n\t\t\t<div class=\"elementor-spacer-inner\"><\/div>\n\t\t<\/div>\n\t\t\t\t\t\t<\/div>\n\t\t\t\t<\/div>\n\t\t\t\t\t<\/div>\n\t\t<\/div>\n\t\t\t\t\t<\/div>\n\t\t<\/section>\n\t\t\t\t<section class=\"elementor-section elementor-top-section elementor-element elementor-element-1148286 elementor-section-boxed elementor-section-height-default elementor-section-height-default\" data-id=\"1148286\" data-element_type=\"section\" data-e-type=\"section\">\n\t\t\t\t\t\t<div class=\"elementor-container elementor-column-gap-default\">\n\t\t\t\t\t<div class=\"elementor-column elementor-col-100 elementor-top-column elementor-element elementor-element-7045011\" data-id=\"7045011\" data-element_type=\"column\" data-e-type=\"column\">\n\t\t\t<div class=\"elementor-widget-wrap elementor-element-populated\">\n\t\t\t\t\t\t<div class=\"elementor-element elementor-element-0e3fd92 elementor-widget elementor-widget-heading\" data-id=\"0e3fd92\" data-element_type=\"widget\" data-e-type=\"widget\" data-widget_type=\"heading.default\">\n\t\t\t\t<div class=\"elementor-widget-container\">\n\t\t\t\t\t<h2 class=\"elementor-heading-title elementor-size-default\">Configuraci\u00f3n manual<\/h2>\t\t\t\t<\/div>\n\t\t\t\t<\/div>\n\t\t\t\t<div class=\"elementor-element elementor-element-17f4dca elementor-widget-divider--view-line elementor-widget elementor-widget-divider\" data-id=\"17f4dca\" data-element_type=\"widget\" data-e-type=\"widget\" data-widget_type=\"divider.default\">\n\t\t\t\t<div class=\"elementor-widget-container\">\n\t\t\t\t\t\t\t<div class=\"elementor-divider\">\n\t\t\t<span class=\"elementor-divider-separator\">\n\t\t\t\t\t\t<\/span>\n\t\t<\/div>\n\t\t\t\t\t\t<\/div>\n\t\t\t\t<\/div>\n\t\t\t\t\t<\/div>\n\t\t<\/div>\n\t\t\t\t\t<\/div>\n\t\t<\/section>\n\t\t\t\t<section class=\"elementor-section elementor-top-section elementor-element elementor-element-e67c8eb elementor-section-boxed elementor-section-height-default elementor-section-height-default\" data-id=\"e67c8eb\" data-element_type=\"section\" data-e-type=\"section\">\n\t\t\t\t\t\t<div class=\"elementor-container elementor-column-gap-default\">\n\t\t\t\t\t<div class=\"elementor-column elementor-col-100 elementor-top-column elementor-element elementor-element-41a8af9\" data-id=\"41a8af9\" data-element_type=\"column\" data-e-type=\"column\">\n\t\t\t<div class=\"elementor-widget-wrap elementor-element-populated\">\n\t\t\t\t\t\t<div class=\"elementor-element elementor-element-7ead2ef elementor-widget elementor-widget-text-editor\" data-id=\"7ead2ef\" data-element_type=\"widget\" data-e-type=\"widget\" data-widget_type=\"text-editor.default\">\n\t\t\t\t<div class=\"elementor-widget-container\">\n\t\t\t\t\t\t\t\t\t<div class=\"fusion-separator fusion-full-width-sep sep-none\"><div class=\"fusion-separator fusion-full-width-sep sep-none\">Para la configuraci\u00f3n manual, utilice los siguientes ajustes:<br \/><strong>IMAP information for the Murena mail server<\/strong><\/div><div class=\"fusion-text\"><ul><li>IMAP server: mail.ecloud.global<\/li><li>IMAP username: this is your murena.io or e.email address in full, like <code>john.doe@murena.io<\/code> o <code>jane.doe@e.email<\/code>.<\/li><li>IMAP password: this is the password to connect to your murena.io or e.email address.<\/li><li>Puerto IMAP: 993, SSL\/TLS, requiere autenticaci\u00f3n<\/li><\/ul><div class=\"fusion-separator fusion-full-width-sep sep-none\"><strong>SMTP information for the Murena mail server<\/strong><\/div><div class=\"fusion-text\"><ul><li>SMTP server: mail.ecloud.global<\/li><li>SMTP username: this is your murena.io or e.email address in full, like <code>john.doe@murena.io<\/code> o <code>jane.doe@e.email<\/code>.<\/li><li>SMTP password: this is the password to connect to your murena.io or e.email address.<\/li><li>Puerto SMTP: 587, contrase\u00f1a simple, STARTTLS, requiere autenticaci\u00f3n<\/li><\/ul><\/div><\/div><\/div>\t\t\t\t\t\t\t\t<\/div>\n\t\t\t\t<\/div>\n\t\t\t\t\t<\/div>\n\t\t<\/div>\n\t\t\t\t\t<\/div>\n\t\t<\/section>\n\t\t\t\t<\/div>","protected":false},"excerpt":{"rendered":"<p>Email configuration You can use your @murena.io or @e.email email account to log in at:&#8230;<\/p>","protected":false},"author":76,"featured_media":0,"parent":0,"menu_order":0,"comment_status":"closed","ping_status":"closed","template":"","meta":{"_seopress_robots_primary_cat":"","_seopress_titles_title":"","_seopress_titles_desc":"","_seopress_robots_index":"","footnotes":""},"class_list":["post-14358","page","type-page","status-publish","hentry","wpbf-post"],"_links":{"self":[{"href":"https:\/\/e.foundation\/es\/wp-json\/wp\/v2\/pages\/14358","targetHints":{"allow":["GET"]}}],"collection":[{"href":"https:\/\/e.foundation\/es\/wp-json\/wp\/v2\/pages"}],"about":[{"href":"https:\/\/e.foundation\/es\/wp-json\/wp\/v2\/types\/page"}],"author":[{"embeddable":true,"href":"https:\/\/e.foundation\/es\/wp-json\/wp\/v2\/users\/76"}],"replies":[{"embeddable":true,"href":"https:\/\/e.foundation\/es\/wp-json\/wp\/v2\/comments?post=14358"}],"version-history":[{"count":35,"href":"https:\/\/e.foundation\/es\/wp-json\/wp\/v2\/pages\/14358\/revisions"}],"predecessor-version":[{"id":18477,"href":"https:\/\/e.foundation\/es\/wp-json\/wp\/v2\/pages\/14358\/revisions\/18477"}],"wp:attachment":[{"href":"https:\/\/e.foundation\/es\/wp-json\/wp\/v2\/media?parent=14358"}],"curies":[{"name":"wp","href":"https:\/\/api.w.org\/{rel}","templated":true}]}}