{"id":14127,"date":"2020-09-01T15:55:44","date_gmt":"2020-09-01T15:55:44","guid":{"rendered":"https:\/\/e.foundation\/?page_id=14127"},"modified":"2020-11-06T08:58:07","modified_gmt":"2020-11-06T08:58:07","slug":"eos-phone-welcome","status":"publish","type":"page","link":"https:\/\/e.foundation\/es\/eos-phone-welcome\/","title":{"rendered":"\/e\/OS smartphones &#8211; welcome!"},"content":{"rendered":"<div data-elementor-type=\"wp-page\" data-elementor-id=\"14127\" class=\"elementor elementor-14127\" data-elementor-post-type=\"page\">\n\t\t\t\t\t\t<section class=\"elementor-section elementor-top-section elementor-element elementor-element-4b3a429 elementor-section-boxed elementor-section-height-default elementor-section-height-default\" data-id=\"4b3a429\" data-element_type=\"section\">\n\t\t\t\t\t\t<div class=\"elementor-container elementor-column-gap-default\">\n\t\t\t\t\t<div class=\"elementor-column elementor-col-100 elementor-top-column elementor-element elementor-element-9161f5b\" data-id=\"9161f5b\" data-element_type=\"column\">\n\t\t\t<div class=\"elementor-widget-wrap elementor-element-populated\">\n\t\t\t\t\t\t<div class=\"elementor-element elementor-element-7de900e elementor-widget elementor-widget-heading\" data-id=\"7de900e\" data-element_type=\"widget\" data-widget_type=\"heading.default\">\n\t\t\t\t<div class=\"elementor-widget-container\">\n\t\t\t<h2 class=\"elementor-heading-title elementor-size-default\"><h4 style=\"--fontSize:26; line-height: 2;\" data-fontsize=\"26\" data-lineheight=\"52px\" class=\"fusion-responsive-typography-calculated\">\/e\/OS smartphones - \u00a1bienvenido!<\/h4><\/h2>\t\t<\/div>\n\t\t\t\t<\/div>\n\t\t\t\t<div class=\"elementor-element elementor-element-0fb2119 elementor-widget-divider--view-line elementor-widget elementor-widget-divider\" data-id=\"0fb2119\" data-element_type=\"widget\" data-widget_type=\"divider.default\">\n\t\t\t\t<div class=\"elementor-widget-container\">\n\t\t\t\t\t<div class=\"elementor-divider\">\n\t\t\t<span class=\"elementor-divider-separator\">\n\t\t\t\t\t\t<\/span>\n\t\t<\/div>\n\t\t\t\t<\/div>\n\t\t\t\t<\/div>\n\t\t\t\t\t<\/div>\n\t\t<\/div>\n\t\t\t\t\t<\/div>\n\t\t<\/section>\n\t\t\t\t<section class=\"elementor-section elementor-top-section elementor-element elementor-element-b253f9c elementor-section-boxed elementor-section-height-default elementor-section-height-default\" data-id=\"b253f9c\" data-element_type=\"section\">\n\t\t\t\t\t\t<div class=\"elementor-container elementor-column-gap-default\">\n\t\t\t\t\t<div class=\"elementor-column elementor-col-100 elementor-top-column elementor-element elementor-element-86bdf4b\" data-id=\"86bdf4b\" data-element_type=\"column\">\n\t\t\t<div class=\"elementor-widget-wrap elementor-element-populated\">\n\t\t\t\t\t\t<div class=\"elementor-element elementor-element-b0a069b elementor-widget elementor-widget-image\" data-id=\"b0a069b\" data-element_type=\"widget\" data-widget_type=\"image.default\">\n\t\t\t\t<div class=\"elementor-widget-container\">\n\t\t\t\t\t\t\t\t\t\t\t\t\t<img decoding=\"async\" src=\"https:\/\/e.foundation\/wp-content\/uploads\/elementor\/thumbs\/Box-contents-e-phone-outw4duycixuntlet8l0xeohz86i2h78rfxmedepw2.jpg\" title=\"Box contents e phone\" alt=\"Box contents e phone\" loading=\"lazy\" \/>\t\t\t\t\t\t\t\t\t\t\t\t\t<\/div>\n\t\t\t\t<\/div>\n\t\t\t\t\t<\/div>\n\t\t<\/div>\n\t\t\t\t\t<\/div>\n\t\t<\/section>\n\t\t\t\t<section class=\"elementor-section elementor-top-section elementor-element elementor-element-70a9b5b elementor-section-boxed elementor-section-height-default elementor-section-height-default\" data-id=\"70a9b5b\" data-element_type=\"section\">\n\t\t\t\t\t\t<div class=\"elementor-container elementor-column-gap-default\">\n\t\t\t\t\t<div class=\"elementor-column elementor-col-100 elementor-top-column elementor-element elementor-element-80864e8\" data-id=\"80864e8\" data-element_type=\"column\">\n\t\t\t<div class=\"elementor-widget-wrap elementor-element-populated\">\n\t\t\t\t\t\t<div class=\"elementor-element elementor-element-33b96b2 elementor-widget elementor-widget-text-editor\" data-id=\"33b96b2\" data-element_type=\"widget\" data-widget_type=\"text-editor.default\">\n\t\t\t\t<div class=\"elementor-widget-container\">\n\t\t\t\t\t\t\t<div class=\"fusion-separator fusion-full-width-sep sep-none\"><p>\u00a1Felicidades! Acabas de dar un gran paso para apoyar una tecnolog\u00eda m\u00e1s \u00e9tica, m\u00e1s respetuosa con tus datos personales y del medio ambiente.<\/p><\/div>\t\t\t\t\t\t<\/div>\n\t\t\t\t<\/div>\n\t\t\t\t<div class=\"elementor-element elementor-element-3b96740 elementor-widget elementor-widget-spacer\" data-id=\"3b96740\" data-element_type=\"widget\" data-widget_type=\"spacer.default\">\n\t\t\t\t<div class=\"elementor-widget-container\">\n\t\t\t\t\t<div class=\"elementor-spacer\">\n\t\t\t<div class=\"elementor-spacer-inner\"><\/div>\n\t\t<\/div>\n\t\t\t\t<\/div>\n\t\t\t\t<\/div>\n\t\t\t\t\t<\/div>\n\t\t<\/div>\n\t\t\t\t\t<\/div>\n\t\t<\/section>\n\t\t\t\t<section class=\"elementor-section elementor-top-section elementor-element elementor-element-a7f6acc elementor-section-boxed elementor-section-height-default elementor-section-height-default\" data-id=\"a7f6acc\" data-element_type=\"section\">\n\t\t\t\t\t\t<div class=\"elementor-container elementor-column-gap-default\">\n\t\t\t\t\t<div class=\"elementor-column elementor-col-100 elementor-top-column elementor-element elementor-element-979dc73\" data-id=\"979dc73\" data-element_type=\"column\">\n\t\t\t<div class=\"elementor-widget-wrap elementor-element-populated\">\n\t\t\t\t\t\t<div class=\"elementor-element elementor-element-d70099a elementor-widget elementor-widget-text-editor\" data-id=\"d70099a\" data-element_type=\"widget\" data-widget_type=\"text-editor.default\">\n\t\t\t\t<div class=\"elementor-widget-container\">\n\t\t\t\t\t\t\t<p><strong>\u00bfQu\u00e9 puedes hacer ahora?<\/strong><\/p>\t\t\t\t\t\t<\/div>\n\t\t\t\t<\/div>\n\t\t\t\t<div class=\"elementor-element elementor-element-cc4b3fd elementor-widget elementor-widget-spacer\" data-id=\"cc4b3fd\" data-element_type=\"widget\" data-widget_type=\"spacer.default\">\n\t\t\t\t<div class=\"elementor-widget-container\">\n\t\t\t\t\t<div class=\"elementor-spacer\">\n\t\t\t<div class=\"elementor-spacer-inner\"><\/div>\n\t\t<\/div>\n\t\t\t\t<\/div>\n\t\t\t\t<\/div>\n\t\t\t\t\t<\/div>\n\t\t<\/div>\n\t\t\t\t\t<\/div>\n\t\t<\/section>\n\t\t\t\t<section class=\"elementor-section elementor-top-section elementor-element elementor-element-df08a9d elementor-section-boxed elementor-section-height-default elementor-section-height-default\" data-id=\"df08a9d\" data-element_type=\"section\">\n\t\t\t\t\t\t<div class=\"elementor-container elementor-column-gap-default\">\n\t\t\t\t\t<div class=\"elementor-column elementor-col-33 elementor-top-column elementor-element elementor-element-5b2c118\" data-id=\"5b2c118\" data-element_type=\"column\">\n\t\t\t<div class=\"elementor-widget-wrap\">\n\t\t\t\t\t\t\t<\/div>\n\t\t<\/div>\n\t\t\t\t<div class=\"elementor-column elementor-col-33 elementor-top-column elementor-element elementor-element-47a7ca8\" data-id=\"47a7ca8\" data-element_type=\"column\">\n\t\t\t<div class=\"elementor-widget-wrap elementor-element-populated\">\n\t\t\t\t\t\t<div class=\"elementor-element elementor-element-1d39647 elementor-widget elementor-widget-image\" data-id=\"1d39647\" data-element_type=\"widget\" data-widget_type=\"image.default\">\n\t\t\t\t<div class=\"elementor-widget-container\">\n\t\t\t\t\t\t\t\t\t\t\t\t\t<img decoding=\"async\" width=\"158\" height=\"158\" src=\"https:\/\/e.foundation\/wp-content\/uploads\/2020\/09\/pictos-new-customers-landing-page-email.png\" class=\"attachment-large size-large wp-image-14135\" alt=\"\" srcset=\"https:\/\/e.foundation\/wp-content\/uploads\/2020\/09\/pictos-new-customers-landing-page-email.png 158w, https:\/\/e.foundation\/wp-content\/uploads\/2020\/09\/pictos-new-customers-landing-page-email-150x150.png 150w, https:\/\/e.foundation\/wp-content\/uploads\/2020\/09\/pictos-new-customers-landing-page-email-24x24.png 24w, https:\/\/e.foundation\/wp-content\/uploads\/2020\/09\/pictos-new-customers-landing-page-email-48x48.png 48w, https:\/\/e.foundation\/wp-content\/uploads\/2020\/09\/pictos-new-customers-landing-page-email-96x96.png 96w\" sizes=\"(max-width: 158px) 100vw, 158px\" \/>\t\t\t\t\t\t\t\t\t\t\t\t\t<\/div>\n\t\t\t\t<\/div>\n\t\t\t\t<div class=\"elementor-element elementor-element-49034c1 elementor-widget elementor-widget-text-editor\" data-id=\"49034c1\" data-element_type=\"widget\" data-widget_type=\"text-editor.default\">\n\t\t\t\t<div class=\"elementor-widget-container\">\n\t\t\t\t\t\t\t<a href=\"https:\/\/e.foundation\/es\/e-email-invite\/\">\u00a1Crea tu direcci\u00f3n de correo electr\u00f3nico \/e\/ ahora!<\/a>\nSer\u00e1 tu identificador \u00fanico para todos los servicios de \/e\/OS como el almacenamiento en la nube, el correo electr\u00f3nico, el calendario, los contactos, las notas...\t\t\t\t\t\t<\/div>\n\t\t\t\t<\/div>\n\t\t\t\t\t<\/div>\n\t\t<\/div>\n\t\t\t\t<div class=\"elementor-column elementor-col-33 elementor-top-column elementor-element elementor-element-b08fe4f\" data-id=\"b08fe4f\" data-element_type=\"column\">\n\t\t\t<div class=\"elementor-widget-wrap\">\n\t\t\t\t\t\t\t<\/div>\n\t\t<\/div>\n\t\t\t\t\t<\/div>\n\t\t<\/section>\n\t\t\t\t<section class=\"elementor-section elementor-top-section elementor-element elementor-element-c6d20c1 elementor-section-boxed elementor-section-height-default elementor-section-height-default\" data-id=\"c6d20c1\" data-element_type=\"section\">\n\t\t\t\t\t\t<div class=\"elementor-container elementor-column-gap-default\">\n\t\t\t\t\t<div class=\"elementor-column elementor-col-100 elementor-top-column elementor-element elementor-element-293d16d\" data-id=\"293d16d\" data-element_type=\"column\">\n\t\t\t<div class=\"elementor-widget-wrap elementor-element-populated\">\n\t\t\t\t\t\t<div class=\"elementor-element elementor-element-ae664c9 elementor-widget elementor-widget-spacer\" data-id=\"ae664c9\" data-element_type=\"widget\" data-widget_type=\"spacer.default\">\n\t\t\t\t<div class=\"elementor-widget-container\">\n\t\t\t\t\t<div class=\"elementor-spacer\">\n\t\t\t<div class=\"elementor-spacer-inner\"><\/div>\n\t\t<\/div>\n\t\t\t\t<\/div>\n\t\t\t\t<\/div>\n\t\t\t\t<div class=\"elementor-element elementor-element-a7796d7 elementor-widget elementor-widget-text-editor\" data-id=\"a7796d7\" data-element_type=\"widget\" data-widget_type=\"text-editor.default\">\n\t\t\t\t<div class=\"elementor-widget-container\">\n\t\t\t\t\t\t\t<p><strong>Si tienes alg\u00fan problema con tu smartphone \/e\/OS:<\/strong><\/p>\t\t\t\t\t\t<\/div>\n\t\t\t\t<\/div>\n\t\t\t\t\t<\/div>\n\t\t<\/div>\n\t\t\t\t\t<\/div>\n\t\t<\/section>\n\t\t\t\t<section class=\"elementor-section elementor-top-section elementor-element elementor-element-5ef2686 elementor-section-boxed elementor-section-height-default elementor-section-height-default\" data-id=\"5ef2686\" data-element_type=\"section\">\n\t\t\t\t\t\t<div class=\"elementor-container elementor-column-gap-default\">\n\t\t\t\t\t<div class=\"elementor-column elementor-col-33 elementor-top-column elementor-element elementor-element-742d338\" data-id=\"742d338\" data-element_type=\"column\">\n\t\t\t<div class=\"elementor-widget-wrap elementor-element-populated\">\n\t\t\t\t\t\t<div class=\"elementor-element elementor-element-30b3599 elementor-widget elementor-widget-image\" data-id=\"30b3599\" data-element_type=\"widget\" data-widget_type=\"image.default\">\n\t\t\t\t<div class=\"elementor-widget-container\">\n\t\t\t\t\t\t\t\t\t\t\t\t\t<img decoding=\"async\" width=\"158\" height=\"157\" src=\"https:\/\/e.foundation\/wp-content\/uploads\/2020\/09\/pictos-new-customers-landing-page-questions.png\" class=\"attachment-large size-large wp-image-14133\" alt=\"\" srcset=\"https:\/\/e.foundation\/wp-content\/uploads\/2020\/09\/pictos-new-customers-landing-page-questions.png 158w, https:\/\/e.foundation\/wp-content\/uploads\/2020\/09\/pictos-new-customers-landing-page-questions-150x150.png 150w, https:\/\/e.foundation\/wp-content\/uploads\/2020\/09\/pictos-new-customers-landing-page-questions-24x24.png 24w, https:\/\/e.foundation\/wp-content\/uploads\/2020\/09\/pictos-new-customers-landing-page-questions-48x48.png 48w, https:\/\/e.foundation\/wp-content\/uploads\/2020\/09\/pictos-new-customers-landing-page-questions-96x96.png 96w\" sizes=\"(max-width: 158px) 100vw, 158px\" \/>\t\t\t\t\t\t\t\t\t\t\t\t\t<\/div>\n\t\t\t\t<\/div>\n\t\t\t\t<div class=\"elementor-element elementor-element-b9d3b21 elementor-widget elementor-widget-text-editor\" data-id=\"b9d3b21\" data-element_type=\"widget\" data-widget_type=\"text-editor.default\">\n\t\t\t\t<div class=\"elementor-widget-container\">\n\t\t\t\t\t\t\t<p><a href=\"https:\/\/community.e.foundation\/t\/e-os-smartphones-faq\/6108\">Lea nuestras preguntas frecuentes<\/a> - explicaciones y soluciones para los problemas m\u00e1s comunes.<\/p>\t\t\t\t\t\t<\/div>\n\t\t\t\t<\/div>\n\t\t\t\t\t<\/div>\n\t\t<\/div>\n\t\t\t\t<div class=\"elementor-column elementor-col-33 elementor-top-column elementor-element elementor-element-c333b9b\" data-id=\"c333b9b\" data-element_type=\"column\">\n\t\t\t<div class=\"elementor-widget-wrap elementor-element-populated\">\n\t\t\t\t\t\t<div class=\"elementor-element elementor-element-4336705 elementor-widget elementor-widget-image\" data-id=\"4336705\" data-element_type=\"widget\" data-widget_type=\"image.default\">\n\t\t\t\t<div class=\"elementor-widget-container\">\n\t\t\t\t\t\t\t\t\t\t\t\t\t<img decoding=\"async\" width=\"158\" height=\"157\" src=\"https:\/\/e.foundation\/wp-content\/uploads\/2020\/09\/pictos-new-customers-landing-page-community.png\" class=\"attachment-large size-large wp-image-14134\" alt=\"\" srcset=\"https:\/\/e.foundation\/wp-content\/uploads\/2020\/09\/pictos-new-customers-landing-page-community.png 158w, https:\/\/e.foundation\/wp-content\/uploads\/2020\/09\/pictos-new-customers-landing-page-community-150x150.png 150w, https:\/\/e.foundation\/wp-content\/uploads\/2020\/09\/pictos-new-customers-landing-page-community-24x24.png 24w, https:\/\/e.foundation\/wp-content\/uploads\/2020\/09\/pictos-new-customers-landing-page-community-48x48.png 48w, https:\/\/e.foundation\/wp-content\/uploads\/2020\/09\/pictos-new-customers-landing-page-community-96x96.png 96w\" sizes=\"(max-width: 158px) 100vw, 158px\" \/>\t\t\t\t\t\t\t\t\t\t\t\t\t<\/div>\n\t\t\t\t<\/div>\n\t\t\t\t<div class=\"elementor-element elementor-element-b47570e elementor-widget elementor-widget-text-editor\" data-id=\"b47570e\" data-element_type=\"widget\" data-widget_type=\"text-editor.default\">\n\t\t\t\t<div class=\"elementor-widget-container\">\n\t\t\t\t\t\t\t<p>Conecta con otros usuarios de \/e\/OS en nuestro <a href=\"https:\/\/community.e.foundation\">foro comunitario<\/a>&nbsp;(ingl\u00e9s y otros idiomas), o nuestro <a href=\"https:\/\/t.me\/joinchat\/C49jqEUbP-CNUGjzu-dTEA\">canal de apoyo comunitario<\/a> en Telegram (se habla ingl\u00e9s), y pedirles ayuda.<\/p>\t\t\t\t\t\t<\/div>\n\t\t\t\t<\/div>\n\t\t\t\t\t<\/div>\n\t\t<\/div>\n\t\t\t\t<div class=\"elementor-column elementor-col-33 elementor-top-column elementor-element elementor-element-0d0577c\" data-id=\"0d0577c\" data-element_type=\"column\">\n\t\t\t<div class=\"elementor-widget-wrap elementor-element-populated\">\n\t\t\t\t\t\t<div class=\"elementor-element elementor-element-cab5d4d elementor-widget elementor-widget-image\" data-id=\"cab5d4d\" data-element_type=\"widget\" data-widget_type=\"image.default\">\n\t\t\t\t<div class=\"elementor-widget-container\">\n\t\t\t\t\t\t\t\t\t\t\t\t\t<img loading=\"lazy\" decoding=\"async\" width=\"158\" height=\"157\" src=\"https:\/\/e.foundation\/wp-content\/uploads\/2020\/09\/pictos-new-customers-landing-page-support.png\" class=\"attachment-large size-large wp-image-14132\" alt=\"\" srcset=\"https:\/\/e.foundation\/wp-content\/uploads\/2020\/09\/pictos-new-customers-landing-page-support.png 158w, https:\/\/e.foundation\/wp-content\/uploads\/2020\/09\/pictos-new-customers-landing-page-support-150x150.png 150w, https:\/\/e.foundation\/wp-content\/uploads\/2020\/09\/pictos-new-customers-landing-page-support-24x24.png 24w, https:\/\/e.foundation\/wp-content\/uploads\/2020\/09\/pictos-new-customers-landing-page-support-48x48.png 48w, https:\/\/e.foundation\/wp-content\/uploads\/2020\/09\/pictos-new-customers-landing-page-support-96x96.png 96w\" sizes=\"(max-width: 158px) 100vw, 158px\" \/>\t\t\t\t\t\t\t\t\t\t\t\t\t<\/div>\n\t\t\t\t<\/div>\n\t\t\t\t<div class=\"elementor-element elementor-element-f0f1145 elementor-widget elementor-widget-text-editor\" data-id=\"f0f1145\" data-element_type=\"widget\" data-widget_type=\"text-editor.default\">\n\t\t\t\t<div class=\"elementor-widget-container\">\n\t\t\t\t\t\t\t<p>Si tienes problemas con el smartphone, por favor cont\u00e1ctanos por correo electr\u00f3nico a:<br \/><a href=\"mailto:ephone_support@e.email\">ephone_support@e.email<\/a><br \/>y trataremos de ayudar lo mejor que podamos.<\/p>\t\t\t\t\t\t<\/div>\n\t\t\t\t<\/div>\n\t\t\t\t\t<\/div>\n\t\t<\/div>\n\t\t\t\t\t<\/div>\n\t\t<\/section>\n\t\t\t\t<\/div>","protected":false},"excerpt":{"rendered":"<p>\/e\/OS smartphones \u2013 welcome! Congratulations! You have just taken a major step in supporting more&#8230;<\/p>","protected":false},"author":76,"featured_media":0,"parent":0,"menu_order":0,"comment_status":"closed","ping_status":"closed","template":"","meta":{"_seopress_robots_primary_cat":"","_seopress_titles_title":"","_seopress_titles_desc":"","_seopress_robots_index":""},"_links":{"self":[{"href":"https:\/\/e.foundation\/es\/wp-json\/wp\/v2\/pages\/14127"}],"collection":[{"href":"https:\/\/e.foundation\/es\/wp-json\/wp\/v2\/pages"}],"about":[{"href":"https:\/\/e.foundation\/es\/wp-json\/wp\/v2\/types\/page"}],"author":[{"embeddable":true,"href":"https:\/\/e.foundation\/es\/wp-json\/wp\/v2\/users\/76"}],"replies":[{"embeddable":true,"href":"https:\/\/e.foundation\/es\/wp-json\/wp\/v2\/comments?post=14127"}],"version-history":[{"count":18,"href":"https:\/\/e.foundation\/es\/wp-json\/wp\/v2\/pages\/14127\/revisions"}],"predecessor-version":[{"id":15050,"href":"https:\/\/e.foundation\/es\/wp-json\/wp\/v2\/pages\/14127\/revisions\/15050"}],"wp:attachment":[{"href":"https:\/\/e.foundation\/es\/wp-json\/wp\/v2\/media?parent=14127"}],"curies":[{"name":"wp","href":"https:\/\/api.w.org\/{rel}","templated":true}]}}