{"id":9881,"date":"2019-11-25T15:46:45","date_gmt":"2019-11-25T15:46:45","guid":{"rendered":"http:\/\/e.foundation\/?page_id=9881"},"modified":"2026-02-18T12:03:22","modified_gmt":"2026-02-18T12:03:22","slug":"get-involved","status":"publish","type":"page","link":"https:\/\/e.foundation\/de\/get-involved\/","title":{"rendered":"Mitmachen"},"content":{"rendered":"<div data-elementor-type=\"wp-page\" data-elementor-id=\"9881\" class=\"elementor elementor-9881\">\n\t\t\t\t\t\t<section class=\"elementor-section elementor-top-section elementor-element elementor-element-4ac9b8a4 elementor-section-height-min-height elementor-section-boxed elementor-section-height-default elementor-section-items-middle\" data-id=\"4ac9b8a4\" data-element_type=\"section\" data-e-type=\"section\" id=\"my-ancor1\">\n\t\t\t\t\t\t<div class=\"elementor-container elementor-column-gap-default\">\n\t\t\t\t\t<div class=\"elementor-column elementor-col-100 elementor-top-column elementor-element elementor-element-25a23987\" data-id=\"25a23987\" data-element_type=\"column\" data-e-type=\"column\">\n\t\t\t<div class=\"elementor-widget-wrap elementor-element-populated\">\n\t\t\t\t\t\t<div class=\"elementor-element elementor-element-650bc054 elementor-widget elementor-widget-heading\" data-id=\"650bc054\" data-element_type=\"widget\" data-e-type=\"widget\" data-widget_type=\"heading.default\">\n\t\t\t\t<div class=\"elementor-widget-container\">\n\t\t\t\t\t<h2 class=\"elementor-heading-title elementor-size-default\">Treten Sie einer weltweiten Community bei, und engagieren Sie sich freiwillig bei \/e\/OS!<\/h2>\t\t\t\t<\/div>\n\t\t\t\t<\/div>\n\t\t\t\t<div class=\"elementor-element elementor-element-4b82ec21 elementor-widget-divider--view-line elementor-widget elementor-widget-divider\" data-id=\"4b82ec21\" data-element_type=\"widget\" data-e-type=\"widget\" data-widget_type=\"divider.default\">\n\t\t\t\t<div class=\"elementor-widget-container\">\n\t\t\t\t\t\t\t<div class=\"elementor-divider\">\n\t\t\t<span class=\"elementor-divider-separator\">\n\t\t\t\t\t\t<\/span>\n\t\t<\/div>\n\t\t\t\t\t\t<\/div>\n\t\t\t\t<\/div>\n\t\t\t\t<div class=\"elementor-element elementor-element-34ba79d7 elementor-widget elementor-widget-text-editor\" data-id=\"34ba79d7\" data-element_type=\"widget\" data-e-type=\"widget\" data-widget_type=\"text-editor.default\">\n\t\t\t\t<div class=\"elementor-widget-container\">\n\t\t\t\t\t\t\t\t\t<p>Es gibt viele M\u00f6glichkeiten, sowohl direkt als auch indirekt, einen Beitrag zu leisten, je nach Ihren F\u00e4higkeiten, Interessen oder Ihrer Verf\u00fcgbarkeit.<\/p>\t\t\t\t\t\t\t\t<\/div>\n\t\t\t\t<\/div>\n\t\t\t\t\t<\/div>\n\t\t<\/div>\n\t\t\t\t\t<\/div>\n\t\t<\/section>\n\t\t\t\t<section class=\"elementor-section elementor-top-section elementor-element elementor-element-c94d5a6 elementor-section-height-min-height elementor-section-boxed elementor-section-height-default elementor-section-items-middle\" data-id=\"c94d5a6\" data-element_type=\"section\" data-e-type=\"section\">\n\t\t\t\t\t\t<div class=\"elementor-container elementor-column-gap-default\">\n\t\t\t\t\t<div class=\"elementor-column elementor-col-33 elementor-top-column elementor-element elementor-element-5efac2b\" data-id=\"5efac2b\" data-element_type=\"column\" data-e-type=\"column\">\n\t\t\t<div class=\"elementor-widget-wrap elementor-element-populated\">\n\t\t\t\t\t\t<div class=\"elementor-element elementor-element-543cdde elementor-position-top elementor-widget elementor-widget-image-box\" data-id=\"543cdde\" data-element_type=\"widget\" data-e-type=\"widget\" data-widget_type=\"image-box.default\">\n\t\t\t\t<div class=\"elementor-widget-container\">\n\t\t\t\t\t<div class=\"elementor-image-box-wrapper\"><figure class=\"elementor-image-box-img\"><img decoding=\"async\" width=\"168\" height=\"178\" src=\"https:\/\/e.foundation\/wp-content\/uploads\/2019\/11\/developer.png\" class=\"attachment-full size-full wp-image-9897\" alt=\"\" srcset=\"https:\/\/e.foundation\/wp-content\/uploads\/2019\/11\/developer.png 168w, https:\/\/e.foundation\/wp-content\/uploads\/2019\/11\/developer-142x150.png 142w\" sizes=\"(max-width: 168px) 100vw, 168px\" \/><\/figure><div class=\"elementor-image-box-content\"><h3 class=\"elementor-image-box-title\">Werden Sie Entwickler<\/h3><p class=\"elementor-image-box-description\">Verbessern Sie das Betriebssystem oder die Apps. Werden Sie ein ROM-Betreuer. Oder tragen Sie zum microG-Projekt bei, einer 100%igen Open-Source-Alternative zu Google Services. Ihr Fachwissen ist willkommen!<\/p><\/div><\/div>\t\t\t\t<\/div>\n\t\t\t\t<\/div>\n\t\t\t\t<div class=\"elementor-element elementor-element-a964106 elementor-align-center btn-green elementor-widget elementor-widget-button\" data-id=\"a964106\" data-element_type=\"widget\" data-e-type=\"widget\" data-widget_type=\"button.default\">\n\t\t\t\t<div class=\"elementor-widget-container\">\n\t\t\t\t\t\t\t\t\t<div class=\"elementor-button-wrapper\">\n\t\t\t\t\t<a class=\"elementor-button elementor-button-link elementor-size-sm\" href=\"https:\/\/doc.e.foundation\/projects-looking-for-contributors\" target=\"_blank\">\n\t\t\t\t\t\t<span class=\"elementor-button-content-wrapper\">\n\t\t\t\t\t\t\t\t\t<span class=\"elementor-button-text\">OFFENE PROJEKTE ANSEHEN<\/span>\n\t\t\t\t\t<\/span>\n\t\t\t\t\t<\/a>\n\t\t\t\t<\/div>\n\t\t\t\t\t\t\t\t<\/div>\n\t\t\t\t<\/div>\n\t\t\t\t\t<\/div>\n\t\t<\/div>\n\t\t\t\t<div class=\"elementor-column elementor-col-33 elementor-top-column elementor-element elementor-element-93c262c\" data-id=\"93c262c\" data-element_type=\"column\" data-e-type=\"column\">\n\t\t\t<div class=\"elementor-widget-wrap elementor-element-populated\">\n\t\t\t\t\t\t<div class=\"elementor-element elementor-element-97f5d2a elementor-position-top elementor-widget elementor-widget-image-box\" data-id=\"97f5d2a\" data-element_type=\"widget\" data-e-type=\"widget\" data-widget_type=\"image-box.default\">\n\t\t\t\t<div class=\"elementor-widget-container\">\n\t\t\t\t\t<div class=\"elementor-image-box-wrapper\"><figure class=\"elementor-image-box-img\"><img decoding=\"async\" width=\"202\" height=\"229\" src=\"https:\/\/e.foundation\/wp-content\/uploads\/2019\/11\/translator3.png\" class=\"attachment-full size-full wp-image-9906\" alt=\"\" srcset=\"https:\/\/e.foundation\/wp-content\/uploads\/2019\/11\/translator3.png 202w, https:\/\/e.foundation\/wp-content\/uploads\/2019\/11\/translator3-132x150.png 132w\" sizes=\"(max-width: 202px) 100vw, 202px\" \/><\/figure><div class=\"elementor-image-box-content\"><h3 class=\"elementor-image-box-title\">Werden Sie \u00dcbersetzer<\/h3><p class=\"elementor-image-box-description\">Sie m\u00f6chten, dass diese Website oder unser Newsletter in Ihrer Sprache verf\u00fcgbar ist? Suchen Sie nicht weiter, sondern werden Sie Mitglied des internationalen \u00dcbersetzungsteams.<\/p><\/div><\/div>\t\t\t\t<\/div>\n\t\t\t\t<\/div>\n\t\t\t\t<div class=\"elementor-element elementor-element-5a5dfa8 elementor-align-center btn-green elementor-widget elementor-widget-button\" data-id=\"5a5dfa8\" data-element_type=\"widget\" data-e-type=\"widget\" data-widget_type=\"button.default\">\n\t\t\t\t<div class=\"elementor-widget-container\">\n\t\t\t\t\t\t\t\t\t<div class=\"elementor-button-wrapper\">\n\t\t\t\t\t<a class=\"elementor-button elementor-button-link elementor-size-sm\" href=\"https:\/\/doc.e.foundation\/how-to-use-weblate#can-i-help-translate-eos-on-weblate\" target=\"_blank\">\n\t\t\t\t\t\t<span class=\"elementor-button-content-wrapper\">\n\t\t\t\t\t\t\t\t\t<span class=\"elementor-button-text\">DEM \u00dcBERSETZUNGSTEAM BEITRETEN<\/span>\n\t\t\t\t\t<\/span>\n\t\t\t\t\t<\/a>\n\t\t\t\t<\/div>\n\t\t\t\t\t\t\t\t<\/div>\n\t\t\t\t<\/div>\n\t\t\t\t\t<\/div>\n\t\t<\/div>\n\t\t\t\t<div class=\"elementor-column elementor-col-33 elementor-top-column elementor-element elementor-element-6f83214\" data-id=\"6f83214\" data-element_type=\"column\" data-e-type=\"column\">\n\t\t\t<div class=\"elementor-widget-wrap elementor-element-populated\">\n\t\t\t\t\t\t<div class=\"elementor-element elementor-element-c66b726 elementor-position-top elementor-widget elementor-widget-image-box\" data-id=\"c66b726\" data-element_type=\"widget\" data-e-type=\"widget\" data-widget_type=\"image-box.default\">\n\t\t\t\t<div class=\"elementor-widget-container\">\n\t\t\t\t\t<div class=\"elementor-image-box-wrapper\"><figure class=\"elementor-image-box-img\"><img decoding=\"async\" width=\"170\" height=\"193\" src=\"https:\/\/e.foundation\/wp-content\/uploads\/2019\/11\/volunteer.png\" class=\"attachment-full size-full wp-image-9915\" alt=\"\" srcset=\"https:\/\/e.foundation\/wp-content\/uploads\/2019\/11\/volunteer.png 170w, https:\/\/e.foundation\/wp-content\/uploads\/2019\/11\/volunteer-132x150.png 132w\" sizes=\"(max-width: 170px) 100vw, 170px\" \/><\/figure><div class=\"elementor-image-box-content\"><h3 class=\"elementor-image-box-title\">Werden Sie Freiwilliger<\/h3><p class=\"elementor-image-box-description\">Sie m\u00f6chten \/e\/OS der Welt vorstellen, \/e\/ bei lokalen Veranstaltungen zum Thema Benutzerprivatsph\u00e4re unterst\u00fctzen, eine Installationsparty veranstalten oder sogar Ihre Ideen einreichen, um mehr Menschen zu erreichen? Nehmen Sie Kontakt auf!<\/p><\/div><\/div>\t\t\t\t<\/div>\n\t\t\t\t<\/div>\n\t\t\t\t<div class=\"elementor-element elementor-element-930b64a elementor-align-center btn-green elementor-widget elementor-widget-button\" data-id=\"930b64a\" data-element_type=\"widget\" data-e-type=\"widget\" data-widget_type=\"button.default\">\n\t\t\t\t<div class=\"elementor-widget-container\">\n\t\t\t\t\t\t\t\t\t<div class=\"elementor-button-wrapper\">\n\t\t\t\t\t<a class=\"elementor-button elementor-button-link elementor-size-sm\" href=\"https:\/\/e.foundation\/de\/contact-e-2\/#contact-form\">\n\t\t\t\t\t\t<span class=\"elementor-button-content-wrapper\">\n\t\t\t\t\t\t\t\t\t<span class=\"elementor-button-text\">FREIWILLIGER WERDEN<\/span>\n\t\t\t\t\t<\/span>\n\t\t\t\t\t<\/a>\n\t\t\t\t<\/div>\n\t\t\t\t\t\t\t\t<\/div>\n\t\t\t\t<\/div>\n\t\t\t\t\t<\/div>\n\t\t<\/div>\n\t\t\t\t\t<\/div>\n\t\t<\/section>\n\t\t\t\t<section class=\"elementor-section elementor-top-section elementor-element elementor-element-a02240d elementor-section-height-min-height elementor-section-boxed elementor-section-height-default elementor-section-items-middle\" data-id=\"a02240d\" data-element_type=\"section\" data-e-type=\"section\">\n\t\t\t\t\t\t<div class=\"elementor-container elementor-column-gap-default\">\n\t\t\t\t\t<div class=\"elementor-column elementor-col-33 elementor-top-column elementor-element elementor-element-746f511\" data-id=\"746f511\" data-element_type=\"column\" data-e-type=\"column\">\n\t\t\t<div class=\"elementor-widget-wrap elementor-element-populated\">\n\t\t\t\t\t\t<div class=\"elementor-element elementor-element-9b9d409 elementor-position-top elementor-widget elementor-widget-image-box\" data-id=\"9b9d409\" data-element_type=\"widget\" data-e-type=\"widget\" data-widget_type=\"image-box.default\">\n\t\t\t\t<div class=\"elementor-widget-container\">\n\t\t\t\t\t<div class=\"elementor-image-box-wrapper\"><figure class=\"elementor-image-box-img\"><img loading=\"lazy\" decoding=\"async\" width=\"126\" height=\"125\" src=\"https:\/\/e.foundation\/wp-content\/uploads\/2020\/10\/Newsletter-visuals-09.png\" class=\"attachment-full size-full wp-image-14904\" alt=\"\" srcset=\"https:\/\/e.foundation\/wp-content\/uploads\/2020\/10\/Newsletter-visuals-09.png 126w, https:\/\/e.foundation\/wp-content\/uploads\/2020\/10\/Newsletter-visuals-09-24x24.png 24w, https:\/\/e.foundation\/wp-content\/uploads\/2020\/10\/Newsletter-visuals-09-48x48.png 48w, https:\/\/e.foundation\/wp-content\/uploads\/2020\/10\/Newsletter-visuals-09-96x96.png 96w\" sizes=\"(max-width: 126px) 100vw, 126px\" \/><\/figure><div class=\"elementor-image-box-content\"><h3 class=\"elementor-image-box-title\">Folgen Sie uns auf Social Media<\/h3><p class=\"elementor-image-box-description\">Bleiben Sie mit \/e\/OS in Verbindung, um mehr \u00fcber das Projekt zu erfahren, unsere neuesten Nachrichten, Ank\u00fcndigungen und M\u00f6glichkeiten zu erhalten.<\/p><\/div><\/div>\t\t\t\t<\/div>\n\t\t\t\t<\/div>\n\t\t\t\t<div class=\"elementor-element elementor-element-087bc1c elementor-align-center btn-green elementor-widget elementor-widget-button\" data-id=\"087bc1c\" data-element_type=\"widget\" data-e-type=\"widget\" data-widget_type=\"button.default\">\n\t\t\t\t<div class=\"elementor-widget-container\">\n\t\t\t\t\t\t\t\t\t<div class=\"elementor-button-wrapper\">\n\t\t\t\t\t<a class=\"elementor-button elementor-button-link elementor-size-sm\" href=\"https:\/\/twitter.com\/e_mydata\" target=\"_blank\">\n\t\t\t\t\t\t<span class=\"elementor-button-content-wrapper\">\n\t\t\t\t\t\t<span class=\"elementor-button-icon\">\n\t\t\t\t<i aria-hidden=\"true\" class=\"fab fa-twitter\"><\/i>\t\t\t<\/span>\n\t\t\t\t\t\t\t\t\t<span class=\"elementor-button-text\">FOLGEN SIE UNS<\/span>\n\t\t\t\t\t<\/span>\n\t\t\t\t\t<\/a>\n\t\t\t\t<\/div>\n\t\t\t\t\t\t\t\t<\/div>\n\t\t\t\t<\/div>\n\t\t\t\t<div class=\"elementor-element elementor-element-c14a4b7 elementor-align-center btn-green elementor-widget elementor-widget-button\" data-id=\"c14a4b7\" data-element_type=\"widget\" data-e-type=\"widget\" data-widget_type=\"button.default\">\n\t\t\t\t<div class=\"elementor-widget-container\">\n\t\t\t\t\t\t\t\t\t<div class=\"elementor-button-wrapper\">\n\t\t\t\t\t<a class=\"elementor-button elementor-button-link elementor-size-sm\" href=\"https:\/\/mastodon.social\/@e_mydata\" target=\"_blank\">\n\t\t\t\t\t\t<span class=\"elementor-button-content-wrapper\">\n\t\t\t\t\t\t<span class=\"elementor-button-icon\">\n\t\t\t\t<i aria-hidden=\"true\" class=\"fab fa-mastodon\"><\/i>\t\t\t<\/span>\n\t\t\t\t\t\t\t\t\t<span class=\"elementor-button-text\">FOLGEN SIE UNS<\/span>\n\t\t\t\t\t<\/span>\n\t\t\t\t\t<\/a>\n\t\t\t\t<\/div>\n\t\t\t\t\t\t\t\t<\/div>\n\t\t\t\t<\/div>\n\t\t\t\t\t<\/div>\n\t\t<\/div>\n\t\t\t\t<div class=\"elementor-column elementor-col-33 elementor-top-column elementor-element elementor-element-9b4e041\" data-id=\"9b4e041\" data-element_type=\"column\" data-e-type=\"column\">\n\t\t\t<div class=\"elementor-widget-wrap elementor-element-populated\">\n\t\t\t\t\t\t<div class=\"elementor-element elementor-element-3942ff5 elementor-position-top elementor-widget elementor-widget-image-box\" data-id=\"3942ff5\" data-element_type=\"widget\" data-e-type=\"widget\" data-widget_type=\"image-box.default\">\n\t\t\t\t<div class=\"elementor-widget-container\">\n\t\t\t\t\t<div class=\"elementor-image-box-wrapper\"><figure class=\"elementor-image-box-img\"><img loading=\"lazy\" decoding=\"async\" width=\"169\" height=\"169\" src=\"https:\/\/e.foundation\/wp-content\/uploads\/2019\/11\/writer.png\" class=\"attachment-full size-full wp-image-9933\" alt=\"\" srcset=\"https:\/\/e.foundation\/wp-content\/uploads\/2019\/11\/writer.png 169w, https:\/\/e.foundation\/wp-content\/uploads\/2019\/11\/writer-150x150.png 150w\" sizes=\"(max-width: 169px) 100vw, 169px\" \/><\/figure><div class=\"elementor-image-box-content\"><h3 class=\"elementor-image-box-title\">Tragen Sie bei als Autor<\/h3><p class=\"elementor-image-box-description\">Sie haben Schreibkenntnisse und machen sich Sorgen um pers\u00f6nliche Daten und den Datenschutz? Lassen Sie uns in Kontakt treten!<\/p><\/div><\/div>\t\t\t\t<\/div>\n\t\t\t\t<\/div>\n\t\t\t\t<div class=\"elementor-element elementor-element-05d3194 elementor-align-center btn-green elementor-widget elementor-widget-button\" data-id=\"05d3194\" data-element_type=\"widget\" data-e-type=\"widget\" data-widget_type=\"button.default\">\n\t\t\t\t<div class=\"elementor-widget-container\">\n\t\t\t\t\t\t\t\t\t<div class=\"elementor-button-wrapper\">\n\t\t\t\t\t<a class=\"elementor-button elementor-button-link elementor-size-sm\" href=\"https:\/\/e.foundation\/de\/contact-e-2\/#contact-form\" target=\"_blank\">\n\t\t\t\t\t\t<span class=\"elementor-button-content-wrapper\">\n\t\t\t\t\t\t\t\t\t<span class=\"elementor-button-text\">INHALT EINREICHEN<\/span>\n\t\t\t\t\t<\/span>\n\t\t\t\t\t<\/a>\n\t\t\t\t<\/div>\n\t\t\t\t\t\t\t\t<\/div>\n\t\t\t\t<\/div>\n\t\t\t\t\t<\/div>\n\t\t<\/div>\n\t\t\t\t<div class=\"elementor-column elementor-col-33 elementor-top-column elementor-element elementor-element-c0754ff\" data-id=\"c0754ff\" data-element_type=\"column\" data-e-type=\"column\">\n\t\t\t<div class=\"elementor-widget-wrap elementor-element-populated\">\n\t\t\t\t\t\t<div class=\"elementor-element elementor-element-ea26cc5 elementor-position-top elementor-widget elementor-widget-image-box\" data-id=\"ea26cc5\" data-element_type=\"widget\" data-e-type=\"widget\" data-widget_type=\"image-box.default\">\n\t\t\t\t<div class=\"elementor-widget-container\">\n\t\t\t\t\t<div class=\"elementor-image-box-wrapper\"><figure class=\"elementor-image-box-img\"><img loading=\"lazy\" decoding=\"async\" width=\"169\" height=\"169\" src=\"https:\/\/e.foundation\/wp-content\/uploads\/2019\/11\/donate-2.png\" class=\"attachment-full size-full wp-image-9942\" alt=\"\" srcset=\"https:\/\/e.foundation\/wp-content\/uploads\/2019\/11\/donate-2.png 169w, https:\/\/e.foundation\/wp-content\/uploads\/2019\/11\/donate-2-150x150.png 150w\" sizes=\"(max-width: 169px) 100vw, 169px\" \/><\/figure><div class=\"elementor-image-box-content\"><h3 class=\"elementor-image-box-title\">Spenden Sie an die e Foundation<\/h3><p class=\"elementor-image-box-description\">Noch nicht bereit, den Sprung zu wagen? Sie k\u00f6nnen uns bei unserer Mission, die Kontrolle \u00fcber unsere Daten wiederzuerlangen, unterst\u00fctzen. Als Non-Profit-Organisation sind wir auf Spenden angewiesen, um unsere Mission zu erf\u00fcllen.<\/p><\/div><\/div>\t\t\t\t<\/div>\n\t\t\t\t<\/div>\n\t\t\t\t<div class=\"elementor-element elementor-element-d4982df elementor-align-center btn-green elementor-widget elementor-widget-button\" data-id=\"d4982df\" data-element_type=\"widget\" data-e-type=\"widget\" data-widget_type=\"button.default\">\n\t\t\t\t<div class=\"elementor-widget-container\">\n\t\t\t\t\t\t\t\t\t<div class=\"elementor-button-wrapper\">\n\t\t\t\t\t<a class=\"elementor-button elementor-button-link elementor-size-sm\" href=\"#\">\n\t\t\t\t\t\t<span class=\"elementor-button-content-wrapper\">\n\t\t\t\t\t\t\t\t\t<span class=\"elementor-button-text\">SPENDEN<\/span>\n\t\t\t\t\t<\/span>\n\t\t\t\t\t<\/a>\n\t\t\t\t<\/div>\n\t\t\t\t\t\t\t\t<\/div>\n\t\t\t\t<\/div>\n\t\t\t\t\t<\/div>\n\t\t<\/div>\n\t\t\t\t\t<\/div>\n\t\t<\/section>\n\t\t\t\t<section class=\"elementor-section elementor-top-section elementor-element elementor-element-d33579f elementor-section-boxed elementor-section-height-default elementor-section-height-default\" data-id=\"d33579f\" data-element_type=\"section\" data-e-type=\"section\">\n\t\t\t\t\t\t<div class=\"elementor-container elementor-column-gap-default\">\n\t\t\t\t\t<div class=\"elementor-column elementor-col-100 elementor-top-column elementor-element elementor-element-c9e5ca9\" data-id=\"c9e5ca9\" data-element_type=\"column\" data-e-type=\"column\">\n\t\t\t<div class=\"elementor-widget-wrap elementor-element-populated\">\n\t\t\t\t\t\t<div class=\"elementor-element elementor-element-9ad5d90 elementor-widget elementor-widget-spacer\" data-id=\"9ad5d90\" data-element_type=\"widget\" data-e-type=\"widget\" data-widget_type=\"spacer.default\">\n\t\t\t\t<div class=\"elementor-widget-container\">\n\t\t\t\t\t\t\t<div class=\"elementor-spacer\">\n\t\t\t<div class=\"elementor-spacer-inner\"><\/div>\n\t\t<\/div>\n\t\t\t\t\t\t<\/div>\n\t\t\t\t<\/div>\n\t\t\t\t\t<\/div>\n\t\t<\/div>\n\t\t\t\t\t<\/div>\n\t\t<\/section>\n\t\t\t\t<\/div>","protected":false},"excerpt":{"rendered":"<p>Join a worldwide community, and volunteer with \/e\/OS! There are many ways, both direct and&#8230;<\/p>","protected":false},"author":1,"featured_media":0,"parent":0,"menu_order":0,"comment_status":"closed","ping_status":"closed","template":"","meta":{"_seopress_robots_primary_cat":"","_seopress_titles_title":"","_seopress_titles_desc":"","_seopress_robots_index":"","footnotes":""},"class_list":["post-9881","page","type-page","status-publish","hentry","wpbf-post"],"_links":{"self":[{"href":"https:\/\/e.foundation\/de\/wp-json\/wp\/v2\/pages\/9881","targetHints":{"allow":["GET"]}}],"collection":[{"href":"https:\/\/e.foundation\/de\/wp-json\/wp\/v2\/pages"}],"about":[{"href":"https:\/\/e.foundation\/de\/wp-json\/wp\/v2\/types\/page"}],"author":[{"embeddable":true,"href":"https:\/\/e.foundation\/de\/wp-json\/wp\/v2\/users\/1"}],"replies":[{"embeddable":true,"href":"https:\/\/e.foundation\/de\/wp-json\/wp\/v2\/comments?post=9881"}],"version-history":[{"count":24,"href":"https:\/\/e.foundation\/de\/wp-json\/wp\/v2\/pages\/9881\/revisions"}],"predecessor-version":[{"id":23931,"href":"https:\/\/e.foundation\/de\/wp-json\/wp\/v2\/pages\/9881\/revisions\/23931"}],"wp:attachment":[{"href":"https:\/\/e.foundation\/de\/wp-json\/wp\/v2\/media?parent=9881"}],"curies":[{"name":"wp","href":"https:\/\/api.w.org\/{rel}","templated":true}]}}