{"id":10860,"date":"2019-11-28T12:32:55","date_gmt":"2019-11-28T12:32:55","guid":{"rendered":"http:\/\/e.foundation\/?page_id=10860"},"modified":"2020-08-31T05:19:53","modified_gmt":"2020-08-31T05:19:53","slug":"media-inquiries","status":"publish","type":"page","link":"https:\/\/e.foundation\/de\/media-inquiries\/","title":{"rendered":"Medienanfragen"},"content":{"rendered":"<div data-elementor-type=\"wp-page\" data-elementor-id=\"10860\" class=\"elementor elementor-10860\" data-elementor-post-type=\"page\">\n\t\t\t\t\t\t<section class=\"elementor-section elementor-top-section elementor-element elementor-element-42398a42 elementor-section-height-min-height elementor-section-boxed elementor-section-height-default elementor-section-items-middle\" data-id=\"42398a42\" data-element_type=\"section\" id=\"my-ancor1\">\n\t\t\t\t\t\t<div class=\"elementor-container elementor-column-gap-default\">\n\t\t\t\t\t<div class=\"elementor-column elementor-col-100 elementor-top-column elementor-element elementor-element-4a80c402\" data-id=\"4a80c402\" data-element_type=\"column\">\n\t\t\t<div class=\"elementor-widget-wrap elementor-element-populated\">\n\t\t\t\t\t\t<div class=\"elementor-element elementor-element-6a67d79 elementor-widget elementor-widget-heading\" data-id=\"6a67d79\" data-element_type=\"widget\" data-widget_type=\"heading.default\">\n\t\t\t\t<div class=\"elementor-widget-container\">\n\t\t\t<h2 class=\"elementor-heading-title elementor-size-default\">Medienanfragen<\/h2>\t\t<\/div>\n\t\t\t\t<\/div>\n\t\t\t\t<div class=\"elementor-element elementor-element-51405a8a elementor-widget-divider--view-line elementor-widget elementor-widget-divider\" data-id=\"51405a8a\" data-element_type=\"widget\" data-widget_type=\"divider.default\">\n\t\t\t\t<div class=\"elementor-widget-container\">\n\t\t\t\t\t<div class=\"elementor-divider\">\n\t\t\t<span class=\"elementor-divider-separator\">\n\t\t\t\t\t\t<\/span>\n\t\t<\/div>\n\t\t\t\t<\/div>\n\t\t\t\t<\/div>\n\t\t\t\t<div class=\"elementor-element elementor-element-7a1c9743 elementor-widget elementor-widget-text-editor\" data-id=\"7a1c9743\" data-element_type=\"widget\" data-widget_type=\"text-editor.default\">\n\t\t\t\t<div class=\"elementor-widget-container\">\n\t\t\t\t\t\t\t<div class=\"fusion-separator fusion-full-width-sep sep-none\">Sie m\u00f6chten mehr \u00fcber \/e\/ erfahren, unsere Pressemappe erhalten, sich f\u00fcr ein Interview mit uns in Verbindung setzen oder \u00fcber uns ver\u00f6ffentlichen, dann sind Sie hier richtig.<\/div><div class=\"fusion-text\"><p>Wir haben viertelj\u00e4hrliche Updates und m\u00f6chten Sie gerne \u00fcber unsere neuen Produkte und Dienstleistungen informieren. Bitte geben Sie uns Ihre Daten und wir werden Sie in unsere Medien- \/ Presseliste aufnehmen und Sie geh\u00f6ren zu den Ersten, die davon erfahren. Vielleicht laden wir Sie sogar zu einer ersten Vorschau ein.<\/p><\/div>\t\t\t\t\t\t<\/div>\n\t\t\t\t<\/div>\n\t\t\t\t<div class=\"elementor-element elementor-element-2339dc2 elementor-align-center btn-green elementor-widget elementor-widget-button\" data-id=\"2339dc2\" data-element_type=\"widget\" data-widget_type=\"button.default\">\n\t\t\t\t<div class=\"elementor-widget-container\">\n\t\t\t\t\t<div class=\"elementor-button-wrapper\">\n\t\t\t<a class=\"elementor-button elementor-button-link elementor-size-sm\" href=\"mailto:media@e.email?subject=I want to join your media list\">\n\t\t\t\t\t\t<span class=\"elementor-button-content-wrapper\">\n\t\t\t\t\t\t<span class=\"elementor-button-text\">JETZT MEDIENLISTE ABONNIEREN<\/span>\n\t\t<\/span>\n\t\t\t\t\t<\/a>\n\t\t<\/div>\n\t\t\t\t<\/div>\n\t\t\t\t<\/div>\n\t\t\t\t\t<\/div>\n\t\t<\/div>\n\t\t\t\t\t<\/div>\n\t\t<\/section>\n\t\t\t\t<section class=\"elementor-section elementor-top-section elementor-element elementor-element-428206c elementor-section-boxed elementor-section-height-default elementor-section-height-default\" data-id=\"428206c\" data-element_type=\"section\">\n\t\t\t\t\t\t<div class=\"elementor-container elementor-column-gap-default\">\n\t\t\t\t\t<div class=\"elementor-column elementor-col-33 elementor-top-column elementor-element elementor-element-a6d1f59\" data-id=\"a6d1f59\" data-element_type=\"column\">\n\t\t\t<div class=\"elementor-widget-wrap elementor-element-populated\">\n\t\t\t\t\t\t<div class=\"elementor-element elementor-element-b7732c2 elementor-widget elementor-widget-text-editor\" data-id=\"b7732c2\" data-element_type=\"widget\" data-widget_type=\"text-editor.default\">\n\t\t\t\t<div class=\"elementor-widget-container\">\n\t\t\t\t\t\t\t<p><strong>Media Toolkit<\/strong><\/p><p>Hier finden Sie unser Pressekit mit Bios, Fotos, Logos und anderen wichtigen Inhalten.<\/p>\t\t\t\t\t\t<\/div>\n\t\t\t\t<\/div>\n\t\t\t\t<div class=\"elementor-element elementor-element-8c86dd5 elementor-align-center btn-green elementor-widget elementor-widget-button\" data-id=\"8c86dd5\" data-element_type=\"widget\" data-widget_type=\"button.default\">\n\t\t\t\t<div class=\"elementor-widget-container\">\n\t\t\t\t\t<div class=\"elementor-button-wrapper\">\n\t\t\t<a class=\"elementor-button elementor-button-link elementor-size-sm\" href=\"#\">\n\t\t\t\t\t\t<span class=\"elementor-button-content-wrapper\">\n\t\t\t\t\t\t<span class=\"elementor-button-text\">KOMMT BALD<\/span>\n\t\t<\/span>\n\t\t\t\t\t<\/a>\n\t\t<\/div>\n\t\t\t\t<\/div>\n\t\t\t\t<\/div>\n\t\t\t\t\t<\/div>\n\t\t<\/div>\n\t\t\t\t<div class=\"elementor-column elementor-col-33 elementor-top-column elementor-element elementor-element-a085c64\" data-id=\"a085c64\" data-element_type=\"column\">\n\t\t\t<div class=\"elementor-widget-wrap elementor-element-populated\">\n\t\t\t\t\t\t<div class=\"elementor-element elementor-element-902ddf5 elementor-widget elementor-widget-text-editor\" data-id=\"902ddf5\" data-element_type=\"widget\" data-widget_type=\"text-editor.default\">\n\t\t\t\t<div class=\"elementor-widget-container\">\n\t\t\t\t\t\t\t<p><strong>Newsroom<\/strong><\/p><p>Hier finden Sie unsere Pressemitteilungen und Artikel \u00fcber \/e\/ aus der ganzen Welt.<\/p>\t\t\t\t\t\t<\/div>\n\t\t\t\t<\/div>\n\t\t\t\t<div class=\"elementor-element elementor-element-a04c63c elementor-align-center btn-green elementor-widget elementor-widget-button\" data-id=\"a04c63c\" data-element_type=\"widget\" data-widget_type=\"button.default\">\n\t\t\t\t<div class=\"elementor-widget-container\">\n\t\t\t\t\t<div class=\"elementor-button-wrapper\">\n\t\t\t<a class=\"elementor-button elementor-button-link elementor-size-sm\" href=\"https:\/\/community.e.foundation\/c\/e-foundation-community\/e-in-the-news-blogs\">\n\t\t\t\t\t\t<span class=\"elementor-button-content-wrapper\">\n\t\t\t\t\t\t<span class=\"elementor-button-text\">ZUGANG ZU UNSEREM NEWSROOM<\/span>\n\t\t<\/span>\n\t\t\t\t\t<\/a>\n\t\t<\/div>\n\t\t\t\t<\/div>\n\t\t\t\t<\/div>\n\t\t\t\t\t<\/div>\n\t\t<\/div>\n\t\t\t\t<div class=\"elementor-column elementor-col-33 elementor-top-column elementor-element elementor-element-8737150\" data-id=\"8737150\" data-element_type=\"column\">\n\t\t\t<div class=\"elementor-widget-wrap elementor-element-populated\">\n\t\t\t\t\t\t<div class=\"elementor-element elementor-element-2457a76 elementor-widget elementor-widget-text-editor\" data-id=\"2457a76\" data-element_type=\"widget\" data-widget_type=\"text-editor.default\">\n\t\t\t\t<div class=\"elementor-widget-container\">\n\t\t\t\t\t\t\t<p><strong>Verbinde dich mit uns<\/strong><\/p><p>Sie haben spezielle Bed\u00fcrfnisse oder m\u00f6chten ein Vorstellungsgespr\u00e4ch vereinbaren? Klicken Sie unten und wir helfen Ihnen gerne weiter.<\/p>\t\t\t\t\t\t<\/div>\n\t\t\t\t<\/div>\n\t\t\t\t<div class=\"elementor-element elementor-element-0a49be6 elementor-align-center btn-green elementor-widget elementor-widget-button\" data-id=\"0a49be6\" data-element_type=\"widget\" data-widget_type=\"button.default\">\n\t\t\t\t<div class=\"elementor-widget-container\">\n\t\t\t\t\t<div class=\"elementor-button-wrapper\">\n\t\t\t<a class=\"elementor-button elementor-button-link elementor-size-sm\" href=\"mailto:media@e.email\" target=\"_blank\">\n\t\t\t\t\t\t<span class=\"elementor-button-content-wrapper\">\n\t\t\t\t\t\t<span class=\"elementor-button-text\">SENDEN SIE UNS EINE EMAIL<\/span>\n\t\t<\/span>\n\t\t\t\t\t<\/a>\n\t\t<\/div>\n\t\t\t\t<\/div>\n\t\t\t\t<\/div>\n\t\t\t\t\t<\/div>\n\t\t<\/div>\n\t\t\t\t\t<\/div>\n\t\t<\/section>\n\t\t\t\t<section class=\"elementor-section elementor-top-section elementor-element elementor-element-c1089a4 elementor-section-boxed elementor-section-height-default elementor-section-height-default\" data-id=\"c1089a4\" data-element_type=\"section\">\n\t\t\t\t\t\t<div class=\"elementor-container elementor-column-gap-default\">\n\t\t\t\t\t<div class=\"elementor-column elementor-col-100 elementor-top-column elementor-element elementor-element-4b6f8d6\" data-id=\"4b6f8d6\" data-element_type=\"column\">\n\t\t\t<div class=\"elementor-widget-wrap elementor-element-populated\">\n\t\t\t\t\t\t<div class=\"elementor-element elementor-element-2c54f94 elementor-widget elementor-widget-spacer\" data-id=\"2c54f94\" data-element_type=\"widget\" data-widget_type=\"spacer.default\">\n\t\t\t\t<div class=\"elementor-widget-container\">\n\t\t\t\t\t<div class=\"elementor-spacer\">\n\t\t\t<div class=\"elementor-spacer-inner\"><\/div>\n\t\t<\/div>\n\t\t\t\t<\/div>\n\t\t\t\t<\/div>\n\t\t\t\t\t<\/div>\n\t\t<\/div>\n\t\t\t\t\t<\/div>\n\t\t<\/section>\n\t\t\t\t<\/div>","protected":false},"excerpt":{"rendered":"<p>Medienanfragen<\/p>","protected":false},"author":1,"featured_media":0,"parent":0,"menu_order":0,"comment_status":"closed","ping_status":"closed","template":"","meta":{"_seopress_robots_primary_cat":"","_seopress_titles_title":"","_seopress_titles_desc":"","_seopress_robots_index":""},"_links":{"self":[{"href":"https:\/\/e.foundation\/de\/wp-json\/wp\/v2\/pages\/10860"}],"collection":[{"href":"https:\/\/e.foundation\/de\/wp-json\/wp\/v2\/pages"}],"about":[{"href":"https:\/\/e.foundation\/de\/wp-json\/wp\/v2\/types\/page"}],"author":[{"embeddable":true,"href":"https:\/\/e.foundation\/de\/wp-json\/wp\/v2\/users\/1"}],"replies":[{"embeddable":true,"href":"https:\/\/e.foundation\/de\/wp-json\/wp\/v2\/comments?post=10860"}],"version-history":[{"count":4,"href":"https:\/\/e.foundation\/de\/wp-json\/wp\/v2\/pages\/10860\/revisions"}],"predecessor-version":[{"id":14066,"href":"https:\/\/e.foundation\/de\/wp-json\/wp\/v2\/pages\/10860\/revisions\/14066"}],"wp:attachment":[{"href":"https:\/\/e.foundation\/de\/wp-json\/wp\/v2\/media?parent=10860"}],"curies":[{"name":"wp","href":"https:\/\/api.w.org\/{rel}","templated":true}]}}